{"id":4023,"date":"2018-11-21T13:59:44","date_gmt":"2018-11-21T13:59:44","guid":{"rendered":"https:\/\/costadoradaexperience.com\/webnueva\/footer\/"},"modified":"2018-11-21T13:59:44","modified_gmt":"2018-11-21T13:59:44","slug":"footer","status":"publish","type":"page","link":"https:\/\/costadoradaexperience.com\/en\/footer\/","title":{"rendered":"Footer"},"content":{"rendered":"<p>[vc_row][vc_column offset=&#8221;vc_col-lg-4 vc_col-md-4 vc_col-xs-12&#8243;]<div class=\"gt-heading gt-white gt-size2 gt-align-left\"><div class=\"gt-title\">Contact<\/div><\/div>[vc_empty_space height=&#8221;25px&#8221;]<div class=\"gt-contact-box\"><div class=\"gt-item gt-address\"><svg xmlns=\"http:\/\/www.w3.org\/2000\/svg\" viewBox=\"0 0 24 24\" fill=\"none\" stroke=\"currentColor\" stroke-width=\"2\" stroke-linecap=\"round\" stroke-linejoin=\"round\"><path d=\"M21 10c0 7-9 13-9 13s-9-6-9-13a9 9 0 0 1 18 0z\"><\/path><circle cx=\"12\" cy=\"10\" r=\"3\"><\/circle><\/svg>Port Calafat 43860 Calafat - L&#039;Ametlla de Mar (Tarragona)<\/div><div class=\"gt-item gt-email\"><svg xmlns=\"http:\/\/www.w3.org\/2000\/svg\" viewBox=\"0 0 24 24\" fill=\"none\" stroke=\"currentColor\" stroke-width=\"2\" stroke-linecap=\"round\" stroke-linejoin=\"round\"><path d=\"M4 4h16c1.1 0 2 .9 2 2v12c0 1.1-.9 2-2 2H4c-1.1 0-2-.9-2-2V6c0-1.1.9-2 2-2z\"><\/path><polyline points=\"22,6 12,13 2,6\"><\/polyline><\/svg><a href=\"mailto:info@costadoradaexperience.com\">info@costadoradaexperience.com<\/a><\/div><div class=\"gt-item gt-phone\"><svg xmlns=\"http:\/\/www.w3.org\/2000\/svg\" viewBox=\"0 0 24 24\" fill=\"none\" stroke=\"currentColor\" stroke-width=\"2\" stroke-linecap=\"round\" stroke-linejoin=\"round\"><path d=\"M22 16.92v3a2 2 0 0 1-2.18 2 19.79 19.79 0 0 1-8.63-3.07 19.5 19.5 0 0 1-6-6 19.79 19.79 0 0 1-3.07-8.67A2 2 0 0 1 4.11 2h3a2 2 0 0 1 2 1.72 12.84 12.84 0 0 0 .7 2.81 2 2 0 0 1-.45 2.11L8.09 9.91a16 16 0 0 0 6 6l1.27-1.27a2 2 0 0 1 2.11-.45 12.84 12.84 0 0 0 2.81.7A2 2 0 0 1 22 16.92z\"><\/path><\/svg><a href=\"tel:++34977131104\">+34 977 13 11 04<\/a><\/div><\/div>[vc_empty_space height=&#8221;25px&#8221;]<div class=\"gt-social-links-element gt-style-6\"><\/div>[\/vc_column][vc_column offset=&#8221;vc_col-lg-4 vc_col-md-4 vc_col-xs-12&#8243;]<div class=\"gt-heading gt-white gt-size2 gt-align-left\"><div class=\"gt-title\">Noticias<\/div><\/div>[vc_empty_space height=&#8221;25px&#8221;][\/vc_column][vc_column offset=&#8221;vc_col-lg-4 vc_col-md-4 vc_col-xs-12&#8243;]<div class=\"gt-heading gt-white gt-size2 gt-align-left\"><div class=\"gt-title\">COSTA DORADA <span>EXPERIENCE<\/span><\/div><\/div>[vc_empty_space height=&#8221;20px&#8221;][vc_column_text]Formamos parte de Grupo Calafat, que cuenta con varias \u00e1reas de negocio en Calafat (Tarragona), entre las que destacan el m\u00edtico circuito de Calafat, dos puertos deportivos, un restaurante de comida mediterr\u00e1nea y de autor, varios apartamentos tur\u00edsticos frente al mar, un supermercado, y varias empresas de eventos. Gracias a ello, podemos ofrecer una experiencia 360, adapt\u00e1ndonos a las necesidades de cada cliente.[\/vc_column_text][\/vc_column][\/vc_row]<\/p>\n","protected":false},"excerpt":{"rendered":"<p>[vc_row][vc_column offset=&#8221;vc_col-lg-4 vc_col-md-4 vc_col-xs-12&#8243;][vc_empty_space height=&#8221;25px&#8221;][vc_empty_space height=&#8221;25px&#8221;][\/vc_column][vc_column offset=&#8221;vc_col-lg-4 vc_col-md-4 vc_col-xs-12&#8243;][vc_empty_space height=&#8221;25px&#8221;][\/vc_column][vc_column offset=&#8221;vc_col-lg-4 vc_col-md-4 vc_col-xs-12&#8243;][vc_empty_space height=&#8221;20px&#8221;][vc_column_text]Formamos parte de Grupo Calafat, que cuenta con varias \u00e1reas de negocio en Calafat (Tarragona), entre las que destacan el m\u00edtico circuito&#8230;<\/p>\n","protected":false},"author":1,"featured_media":0,"parent":0,"menu_order":0,"comment_status":"closed","ping_status":"closed","template":"","meta":{"_eb_attr":"","footnotes":""},"class_list":["post-4023","page","type-page","status-publish","hentry"],"yoast_head":"<!-- This site is optimized with the Yoast SEO plugin v27.4 - https:\/\/yoast.com\/product\/yoast-seo-wordpress\/ -->\n<title>Footer - Costa Dorada Experience<\/title>\n<meta name=\"robots\" content=\"index, follow, max-snippet:-1, max-image-preview:large, max-video-preview:-1\" \/>\n<link rel=\"canonical\" href=\"https:\/\/costadoradaexperience.com\/en\/footer\/\" \/>\n<meta property=\"og:locale\" content=\"en_US\" \/>\n<meta property=\"og:type\" content=\"article\" \/>\n<meta property=\"og:title\" content=\"Footer - Costa Dorada Experience\" \/>\n<meta property=\"og:description\" content=\"[vc_row][vc_column offset=&#8221;vc_col-lg-4 vc_col-md-4 vc_col-xs-12&#8243;][vc_empty_space height=&#8221;25px&#8221;][vc_empty_space height=&#8221;25px&#8221;][\/vc_column][vc_column offset=&#8221;vc_col-lg-4 vc_col-md-4 vc_col-xs-12&#8243;][vc_empty_space height=&#8221;25px&#8221;][\/vc_column][vc_column offset=&#8221;vc_col-lg-4 vc_col-md-4 vc_col-xs-12&#8243;][vc_empty_space height=&#8221;20px&#8221;][vc_column_text]Formamos parte de Grupo Calafat, que cuenta con varias \u00e1reas de negocio en Calafat (Tarragona), entre las que destacan el m\u00edtico circuito...\" \/>\n<meta property=\"og:url\" content=\"https:\/\/costadoradaexperience.com\/en\/footer\/\" \/>\n<meta property=\"og:site_name\" content=\"Costa Dorada Experience\" \/>\n<meta property=\"article:publisher\" content=\"https:\/\/www.facebook.com\/costadoradaexperience\" \/>\n<meta name=\"twitter:card\" content=\"summary_large_image\" \/>\n<meta name=\"twitter:label1\" content=\"Est. reading time\" \/>\n\t<meta name=\"twitter:data1\" content=\"1 minute\" \/>\n<script type=\"application\/ld+json\" class=\"yoast-schema-graph\">{\"@context\":\"https:\\\/\\\/schema.org\",\"@graph\":[{\"@type\":\"WebPage\",\"@id\":\"https:\\\/\\\/costadoradaexperience.com\\\/en\\\/footer\\\/\",\"url\":\"https:\\\/\\\/costadoradaexperience.com\\\/en\\\/footer\\\/\",\"name\":\"Footer - Costa Dorada Experience\",\"isPartOf\":{\"@id\":\"https:\\\/\\\/costadoradaexperience.com\\\/en\\\/#website\"},\"datePublished\":\"2018-11-21T13:59:44+00:00\",\"breadcrumb\":{\"@id\":\"https:\\\/\\\/costadoradaexperience.com\\\/en\\\/footer\\\/#breadcrumb\"},\"inLanguage\":\"en-US\",\"potentialAction\":[{\"@type\":\"ReadAction\",\"target\":[\"https:\\\/\\\/costadoradaexperience.com\\\/en\\\/footer\\\/\"]}]},{\"@type\":\"BreadcrumbList\",\"@id\":\"https:\\\/\\\/costadoradaexperience.com\\\/en\\\/footer\\\/#breadcrumb\",\"itemListElement\":[{\"@type\":\"ListItem\",\"position\":1,\"name\":\"Portada\",\"item\":\"https:\\\/\\\/costadoradaexperience.com\\\/en\\\/\"},{\"@type\":\"ListItem\",\"position\":2,\"name\":\"Footer\"}]},{\"@type\":\"WebSite\",\"@id\":\"https:\\\/\\\/costadoradaexperience.com\\\/en\\\/#website\",\"url\":\"https:\\\/\\\/costadoradaexperience.com\\\/en\\\/\",\"name\":\"Costa Dorada Experience\",\"description\":\"Organizaci\u00f3n de eventos corporativos e incentivos de empresas. Especializados en la gesti\u00f3n integral de actividades y experiencias basadas en el Motor, la Gastronom\u00eda y la N\u00e1utica en un espacio \u00fanico\",\"publisher\":{\"@id\":\"https:\\\/\\\/costadoradaexperience.com\\\/en\\\/#organization\"},\"potentialAction\":[{\"@type\":\"SearchAction\",\"target\":{\"@type\":\"EntryPoint\",\"urlTemplate\":\"https:\\\/\\\/costadoradaexperience.com\\\/en\\\/?s={search_term_string}\"},\"query-input\":{\"@type\":\"PropertyValueSpecification\",\"valueRequired\":true,\"valueName\":\"search_term_string\"}}],\"inLanguage\":\"en-US\"},{\"@type\":\"Organization\",\"@id\":\"https:\\\/\\\/costadoradaexperience.com\\\/en\\\/#organization\",\"name\":\"Costa Dorada Experience\",\"url\":\"https:\\\/\\\/costadoradaexperience.com\\\/en\\\/\",\"logo\":{\"@type\":\"ImageObject\",\"inLanguage\":\"en-US\",\"@id\":\"https:\\\/\\\/costadoradaexperience.com\\\/en\\\/#\\\/schema\\\/logo\\\/image\\\/\",\"url\":\"https:\\\/\\\/costadoradaexperience.com\\\/wp-content\\\/uploads\\\/2023\\\/04\\\/CDE_Logo.webp\",\"contentUrl\":\"https:\\\/\\\/costadoradaexperience.com\\\/wp-content\\\/uploads\\\/2023\\\/04\\\/CDE_Logo.webp\",\"width\":512,\"height\":512,\"caption\":\"Costa Dorada Experience\"},\"image\":{\"@id\":\"https:\\\/\\\/costadoradaexperience.com\\\/en\\\/#\\\/schema\\\/logo\\\/image\\\/\"},\"sameAs\":[\"https:\\\/\\\/www.facebook.com\\\/costadoradaexperience\"]}]}<\/script>\n<!-- \/ Yoast SEO plugin. -->","yoast_head_json":{"title":"Footer - Costa Dorada Experience","robots":{"index":"index","follow":"follow","max-snippet":"max-snippet:-1","max-image-preview":"max-image-preview:large","max-video-preview":"max-video-preview:-1"},"canonical":"https:\/\/costadoradaexperience.com\/en\/footer\/","og_locale":"en_US","og_type":"article","og_title":"Footer - Costa Dorada Experience","og_description":"[vc_row][vc_column offset=&#8221;vc_col-lg-4 vc_col-md-4 vc_col-xs-12&#8243;][vc_empty_space height=&#8221;25px&#8221;][vc_empty_space height=&#8221;25px&#8221;][\/vc_column][vc_column offset=&#8221;vc_col-lg-4 vc_col-md-4 vc_col-xs-12&#8243;][vc_empty_space height=&#8221;25px&#8221;][\/vc_column][vc_column offset=&#8221;vc_col-lg-4 vc_col-md-4 vc_col-xs-12&#8243;][vc_empty_space height=&#8221;20px&#8221;][vc_column_text]Formamos parte de Grupo Calafat, que cuenta con varias \u00e1reas de negocio en Calafat (Tarragona), entre las que destacan el m\u00edtico circuito...","og_url":"https:\/\/costadoradaexperience.com\/en\/footer\/","og_site_name":"Costa Dorada Experience","article_publisher":"https:\/\/www.facebook.com\/costadoradaexperience","twitter_card":"summary_large_image","twitter_misc":{"Est. reading time":"1 minute"},"schema":{"@context":"https:\/\/schema.org","@graph":[{"@type":"WebPage","@id":"https:\/\/costadoradaexperience.com\/en\/footer\/","url":"https:\/\/costadoradaexperience.com\/en\/footer\/","name":"Footer - Costa Dorada Experience","isPartOf":{"@id":"https:\/\/costadoradaexperience.com\/en\/#website"},"datePublished":"2018-11-21T13:59:44+00:00","breadcrumb":{"@id":"https:\/\/costadoradaexperience.com\/en\/footer\/#breadcrumb"},"inLanguage":"en-US","potentialAction":[{"@type":"ReadAction","target":["https:\/\/costadoradaexperience.com\/en\/footer\/"]}]},{"@type":"BreadcrumbList","@id":"https:\/\/costadoradaexperience.com\/en\/footer\/#breadcrumb","itemListElement":[{"@type":"ListItem","position":1,"name":"Portada","item":"https:\/\/costadoradaexperience.com\/en\/"},{"@type":"ListItem","position":2,"name":"Footer"}]},{"@type":"WebSite","@id":"https:\/\/costadoradaexperience.com\/en\/#website","url":"https:\/\/costadoradaexperience.com\/en\/","name":"Costa Dorada Experience","description":"Organizaci\u00f3n de eventos corporativos e incentivos de empresas. Especializados en la gesti\u00f3n integral de actividades y experiencias basadas en el Motor, la Gastronom\u00eda y la N\u00e1utica en un espacio \u00fanico","publisher":{"@id":"https:\/\/costadoradaexperience.com\/en\/#organization"},"potentialAction":[{"@type":"SearchAction","target":{"@type":"EntryPoint","urlTemplate":"https:\/\/costadoradaexperience.com\/en\/?s={search_term_string}"},"query-input":{"@type":"PropertyValueSpecification","valueRequired":true,"valueName":"search_term_string"}}],"inLanguage":"en-US"},{"@type":"Organization","@id":"https:\/\/costadoradaexperience.com\/en\/#organization","name":"Costa Dorada Experience","url":"https:\/\/costadoradaexperience.com\/en\/","logo":{"@type":"ImageObject","inLanguage":"en-US","@id":"https:\/\/costadoradaexperience.com\/en\/#\/schema\/logo\/image\/","url":"https:\/\/costadoradaexperience.com\/wp-content\/uploads\/2023\/04\/CDE_Logo.webp","contentUrl":"https:\/\/costadoradaexperience.com\/wp-content\/uploads\/2023\/04\/CDE_Logo.webp","width":512,"height":512,"caption":"Costa Dorada Experience"},"image":{"@id":"https:\/\/costadoradaexperience.com\/en\/#\/schema\/logo\/image\/"},"sameAs":["https:\/\/www.facebook.com\/costadoradaexperience"]}]}},"_links":{"self":[{"href":"https:\/\/costadoradaexperience.com\/en\/wp-json\/wp\/v2\/pages\/4023","targetHints":{"allow":["GET"]}}],"collection":[{"href":"https:\/\/costadoradaexperience.com\/en\/wp-json\/wp\/v2\/pages"}],"about":[{"href":"https:\/\/costadoradaexperience.com\/en\/wp-json\/wp\/v2\/types\/page"}],"author":[{"embeddable":true,"href":"https:\/\/costadoradaexperience.com\/en\/wp-json\/wp\/v2\/users\/1"}],"replies":[{"embeddable":true,"href":"https:\/\/costadoradaexperience.com\/en\/wp-json\/wp\/v2\/comments?post=4023"}],"version-history":[{"count":0,"href":"https:\/\/costadoradaexperience.com\/en\/wp-json\/wp\/v2\/pages\/4023\/revisions"}],"wp:attachment":[{"href":"https:\/\/costadoradaexperience.com\/en\/wp-json\/wp\/v2\/media?parent=4023"}],"curies":[{"name":"wp","href":"https:\/\/api.w.org\/{rel}","templated":true}]}}