{"id":5140,"date":"2023-04-04T08:51:26","date_gmt":"2023-04-04T08:51:26","guid":{"rendered":"https:\/\/costadoradaexperience.com\/events-held\/"},"modified":"2023-11-14T13:46:08","modified_gmt":"2023-11-14T13:46:08","slug":"events-held","status":"publish","type":"page","link":"https:\/\/costadoradaexperience.com\/en\/events-held\/","title":{"rendered":"Events Held"},"content":{"rendered":"<p>[vc_row][vc_column]<div class=\"gt-heading gt-dark gt-size1 gt-align-center\"><div class=\"gt-title\">Eventos <span>Realizados<\/span><\/div><div class=\"gt-separate\"><svg xmlns=\"http:\/\/www.w3.org\/2000\/svg\" viewBox=\"0 0 24 24\" fill=\"none\" stroke=\"currentColor\" stroke-width=\"2\" stroke-linecap=\"round\" stroke-linejoin=\"round\"><path d=\"M21 16V8a2 2 0 0 0-1-1.73l-7-4a2 2 0 0 0-2 0l-7 4A2 2 0 0 0 3 8v8a2 2 0 0 0 1 1.73l7 4a2 2 0 0 0 2 0l7-4A2 2 0 0 0 21 16z\"><\/path><polyline points=\"3.27 6.96 12 12.01 20.73 6.96\"><\/polyline><line x1=\"12\" y1=\"22.08\" x2=\"12\" y2=\"12\"><\/line><\/svg><\/div><div class=\"gt-text\">Costa Dorada Experience es una empresa l\u00edder en la organizaci\u00f3n de eventos y programas de incentivos. Su compromiso con la excelencia y la calidad les ha permitido realizar una gran variedad de eventos exitosos y programas de incentivos memorables para empresas y grupos de todo tipo.<\/div><\/div>[\/vc_column][\/vc_row][vc_row][vc_column][vc_empty_space height=&#8221;40px&#8221;][\/vc_column][\/vc_row][vc_row][vc_column][\/vc_column][\/vc_row]<\/p>\n","protected":false},"excerpt":{"rendered":"<p>[vc_row][vc_column][\/vc_column][\/vc_row][vc_row][vc_column][vc_empty_space height=&#8221;40px&#8221;][\/vc_column][\/vc_row][vc_row][vc_column][\/vc_column][\/vc_row]<\/p>\n","protected":false},"author":2,"featured_media":3748,"parent":0,"menu_order":0,"comment_status":"closed","ping_status":"closed","template":"","meta":{"_eb_attr":"","footnotes":""},"class_list":["post-5140","page","type-page","status-publish","has-post-thumbnail","hentry"],"yoast_head":"<!-- This site is optimized with the Yoast SEO plugin v27.3 - https:\/\/yoast.com\/product\/yoast-seo-wordpress\/ -->\n<title>Events Held - Costa Dorada Experience<\/title>\n<meta name=\"description\" content=\"Explore our exciting tab of events held at Costa Dorada Experience and relive unforgettable moments.\" \/>\n<meta name=\"robots\" content=\"index, follow, max-snippet:-1, max-image-preview:large, max-video-preview:-1\" \/>\n<link rel=\"canonical\" href=\"https:\/\/costadoradaexperience.com\/en\/events-held\/\" \/>\n<meta property=\"og:locale\" content=\"en_US\" \/>\n<meta property=\"og:type\" content=\"article\" \/>\n<meta property=\"og:title\" content=\"Events Held - Costa Dorada Experience\" \/>\n<meta property=\"og:description\" content=\"Explore our exciting tab of events held at Costa Dorada Experience and relive unforgettable moments.\" \/>\n<meta property=\"og:url\" content=\"https:\/\/costadoradaexperience.com\/en\/events-held\/\" \/>\n<meta property=\"og:site_name\" content=\"Costa Dorada Experience\" \/>\n<meta property=\"article:publisher\" content=\"https:\/\/www.facebook.com\/costadoradaexperience\" \/>\n<meta property=\"article:modified_time\" content=\"2023-11-14T13:46:08+00:00\" \/>\n<meta property=\"og:image\" content=\"https:\/\/costadoradaexperience.com\/wp-content\/uploads\/2023\/03\/pininfarina_calafat-e1680598231764.webp\" \/>\n\t<meta property=\"og:image:width\" content=\"908\" \/>\n\t<meta property=\"og:image:height\" content=\"606\" \/>\n\t<meta property=\"og:image:type\" content=\"image\/webp\" \/>\n<meta name=\"twitter:card\" content=\"summary_large_image\" \/>\n<meta name=\"twitter:label1\" content=\"Est. reading time\" \/>\n\t<meta name=\"twitter:data1\" content=\"1 minute\" \/>\n<script type=\"application\/ld+json\" class=\"yoast-schema-graph\">{\"@context\":\"https:\\\/\\\/schema.org\",\"@graph\":[{\"@type\":\"WebPage\",\"@id\":\"https:\\\/\\\/costadoradaexperience.com\\\/en\\\/events-held\\\/\",\"url\":\"https:\\\/\\\/costadoradaexperience.com\\\/en\\\/events-held\\\/\",\"name\":\"Events Held - Costa Dorada Experience\",\"isPartOf\":{\"@id\":\"https:\\\/\\\/costadoradaexperience.com\\\/en\\\/#website\"},\"primaryImageOfPage\":{\"@id\":\"https:\\\/\\\/costadoradaexperience.com\\\/en\\\/events-held\\\/#primaryimage\"},\"image\":{\"@id\":\"https:\\\/\\\/costadoradaexperience.com\\\/en\\\/events-held\\\/#primaryimage\"},\"thumbnailUrl\":\"https:\\\/\\\/costadoradaexperience.com\\\/wp-content\\\/uploads\\\/2023\\\/03\\\/pininfarina_calafat-e1680598231764.webp\",\"datePublished\":\"2023-04-04T08:51:26+00:00\",\"dateModified\":\"2023-11-14T13:46:08+00:00\",\"description\":\"Explore our exciting tab of events held at Costa Dorada Experience and relive unforgettable moments.\",\"breadcrumb\":{\"@id\":\"https:\\\/\\\/costadoradaexperience.com\\\/en\\\/events-held\\\/#breadcrumb\"},\"inLanguage\":\"en-US\",\"potentialAction\":[{\"@type\":\"ReadAction\",\"target\":[\"https:\\\/\\\/costadoradaexperience.com\\\/en\\\/events-held\\\/\"]}]},{\"@type\":\"ImageObject\",\"inLanguage\":\"en-US\",\"@id\":\"https:\\\/\\\/costadoradaexperience.com\\\/en\\\/events-held\\\/#primaryimage\",\"url\":\"https:\\\/\\\/costadoradaexperience.com\\\/wp-content\\\/uploads\\\/2023\\\/03\\\/pininfarina_calafat-e1680598231764.webp\",\"contentUrl\":\"https:\\\/\\\/costadoradaexperience.com\\\/wp-content\\\/uploads\\\/2023\\\/03\\\/pininfarina_calafat-e1680598231764.webp\",\"width\":908,\"height\":606},{\"@type\":\"BreadcrumbList\",\"@id\":\"https:\\\/\\\/costadoradaexperience.com\\\/en\\\/events-held\\\/#breadcrumb\",\"itemListElement\":[{\"@type\":\"ListItem\",\"position\":1,\"name\":\"Portada\",\"item\":\"https:\\\/\\\/costadoradaexperience.com\\\/en\\\/\"},{\"@type\":\"ListItem\",\"position\":2,\"name\":\"Events Held\"}]},{\"@type\":\"WebSite\",\"@id\":\"https:\\\/\\\/costadoradaexperience.com\\\/en\\\/#website\",\"url\":\"https:\\\/\\\/costadoradaexperience.com\\\/en\\\/\",\"name\":\"Costa Dorada Experience\",\"description\":\"Organizaci\u00f3n de eventos corporativos e incentivos de empresas. Especializados en la gesti\u00f3n integral de actividades y experiencias basadas en el Motor, la Gastronom\u00eda y la N\u00e1utica en un espacio \u00fanico\",\"publisher\":{\"@id\":\"https:\\\/\\\/costadoradaexperience.com\\\/en\\\/#organization\"},\"potentialAction\":[{\"@type\":\"SearchAction\",\"target\":{\"@type\":\"EntryPoint\",\"urlTemplate\":\"https:\\\/\\\/costadoradaexperience.com\\\/en\\\/?s={search_term_string}\"},\"query-input\":{\"@type\":\"PropertyValueSpecification\",\"valueRequired\":true,\"valueName\":\"search_term_string\"}}],\"inLanguage\":\"en-US\"},{\"@type\":\"Organization\",\"@id\":\"https:\\\/\\\/costadoradaexperience.com\\\/en\\\/#organization\",\"name\":\"Costa Dorada Experience\",\"url\":\"https:\\\/\\\/costadoradaexperience.com\\\/en\\\/\",\"logo\":{\"@type\":\"ImageObject\",\"inLanguage\":\"en-US\",\"@id\":\"https:\\\/\\\/costadoradaexperience.com\\\/en\\\/#\\\/schema\\\/logo\\\/image\\\/\",\"url\":\"https:\\\/\\\/costadoradaexperience.com\\\/wp-content\\\/uploads\\\/2023\\\/04\\\/CDE_Logo.webp\",\"contentUrl\":\"https:\\\/\\\/costadoradaexperience.com\\\/wp-content\\\/uploads\\\/2023\\\/04\\\/CDE_Logo.webp\",\"width\":512,\"height\":512,\"caption\":\"Costa Dorada Experience\"},\"image\":{\"@id\":\"https:\\\/\\\/costadoradaexperience.com\\\/en\\\/#\\\/schema\\\/logo\\\/image\\\/\"},\"sameAs\":[\"https:\\\/\\\/www.facebook.com\\\/costadoradaexperience\"]}]}<\/script>\n<!-- \/ Yoast SEO plugin. -->","yoast_head_json":{"title":"Events Held - Costa Dorada Experience","description":"Explore our exciting tab of events held at Costa Dorada Experience and relive unforgettable moments.","robots":{"index":"index","follow":"follow","max-snippet":"max-snippet:-1","max-image-preview":"max-image-preview:large","max-video-preview":"max-video-preview:-1"},"canonical":"https:\/\/costadoradaexperience.com\/en\/events-held\/","og_locale":"en_US","og_type":"article","og_title":"Events Held - Costa Dorada Experience","og_description":"Explore our exciting tab of events held at Costa Dorada Experience and relive unforgettable moments.","og_url":"https:\/\/costadoradaexperience.com\/en\/events-held\/","og_site_name":"Costa Dorada Experience","article_publisher":"https:\/\/www.facebook.com\/costadoradaexperience","article_modified_time":"2023-11-14T13:46:08+00:00","og_image":[{"width":908,"height":606,"url":"https:\/\/costadoradaexperience.com\/wp-content\/uploads\/2023\/03\/pininfarina_calafat-e1680598231764.webp","type":"image\/webp"}],"twitter_card":"summary_large_image","twitter_misc":{"Est. reading time":"1 minute"},"schema":{"@context":"https:\/\/schema.org","@graph":[{"@type":"WebPage","@id":"https:\/\/costadoradaexperience.com\/en\/events-held\/","url":"https:\/\/costadoradaexperience.com\/en\/events-held\/","name":"Events Held - Costa Dorada Experience","isPartOf":{"@id":"https:\/\/costadoradaexperience.com\/en\/#website"},"primaryImageOfPage":{"@id":"https:\/\/costadoradaexperience.com\/en\/events-held\/#primaryimage"},"image":{"@id":"https:\/\/costadoradaexperience.com\/en\/events-held\/#primaryimage"},"thumbnailUrl":"https:\/\/costadoradaexperience.com\/wp-content\/uploads\/2023\/03\/pininfarina_calafat-e1680598231764.webp","datePublished":"2023-04-04T08:51:26+00:00","dateModified":"2023-11-14T13:46:08+00:00","description":"Explore our exciting tab of events held at Costa Dorada Experience and relive unforgettable moments.","breadcrumb":{"@id":"https:\/\/costadoradaexperience.com\/en\/events-held\/#breadcrumb"},"inLanguage":"en-US","potentialAction":[{"@type":"ReadAction","target":["https:\/\/costadoradaexperience.com\/en\/events-held\/"]}]},{"@type":"ImageObject","inLanguage":"en-US","@id":"https:\/\/costadoradaexperience.com\/en\/events-held\/#primaryimage","url":"https:\/\/costadoradaexperience.com\/wp-content\/uploads\/2023\/03\/pininfarina_calafat-e1680598231764.webp","contentUrl":"https:\/\/costadoradaexperience.com\/wp-content\/uploads\/2023\/03\/pininfarina_calafat-e1680598231764.webp","width":908,"height":606},{"@type":"BreadcrumbList","@id":"https:\/\/costadoradaexperience.com\/en\/events-held\/#breadcrumb","itemListElement":[{"@type":"ListItem","position":1,"name":"Portada","item":"https:\/\/costadoradaexperience.com\/en\/"},{"@type":"ListItem","position":2,"name":"Events Held"}]},{"@type":"WebSite","@id":"https:\/\/costadoradaexperience.com\/en\/#website","url":"https:\/\/costadoradaexperience.com\/en\/","name":"Costa Dorada Experience","description":"Organizaci\u00f3n de eventos corporativos e incentivos de empresas. Especializados en la gesti\u00f3n integral de actividades y experiencias basadas en el Motor, la Gastronom\u00eda y la N\u00e1utica en un espacio \u00fanico","publisher":{"@id":"https:\/\/costadoradaexperience.com\/en\/#organization"},"potentialAction":[{"@type":"SearchAction","target":{"@type":"EntryPoint","urlTemplate":"https:\/\/costadoradaexperience.com\/en\/?s={search_term_string}"},"query-input":{"@type":"PropertyValueSpecification","valueRequired":true,"valueName":"search_term_string"}}],"inLanguage":"en-US"},{"@type":"Organization","@id":"https:\/\/costadoradaexperience.com\/en\/#organization","name":"Costa Dorada Experience","url":"https:\/\/costadoradaexperience.com\/en\/","logo":{"@type":"ImageObject","inLanguage":"en-US","@id":"https:\/\/costadoradaexperience.com\/en\/#\/schema\/logo\/image\/","url":"https:\/\/costadoradaexperience.com\/wp-content\/uploads\/2023\/04\/CDE_Logo.webp","contentUrl":"https:\/\/costadoradaexperience.com\/wp-content\/uploads\/2023\/04\/CDE_Logo.webp","width":512,"height":512,"caption":"Costa Dorada Experience"},"image":{"@id":"https:\/\/costadoradaexperience.com\/en\/#\/schema\/logo\/image\/"},"sameAs":["https:\/\/www.facebook.com\/costadoradaexperience"]}]}},"_links":{"self":[{"href":"https:\/\/costadoradaexperience.com\/en\/wp-json\/wp\/v2\/pages\/5140","targetHints":{"allow":["GET"]}}],"collection":[{"href":"https:\/\/costadoradaexperience.com\/en\/wp-json\/wp\/v2\/pages"}],"about":[{"href":"https:\/\/costadoradaexperience.com\/en\/wp-json\/wp\/v2\/types\/page"}],"author":[{"embeddable":true,"href":"https:\/\/costadoradaexperience.com\/en\/wp-json\/wp\/v2\/users\/2"}],"replies":[{"embeddable":true,"href":"https:\/\/costadoradaexperience.com\/en\/wp-json\/wp\/v2\/comments?post=5140"}],"version-history":[{"count":1,"href":"https:\/\/costadoradaexperience.com\/en\/wp-json\/wp\/v2\/pages\/5140\/revisions"}],"predecessor-version":[{"id":5141,"href":"https:\/\/costadoradaexperience.com\/en\/wp-json\/wp\/v2\/pages\/5140\/revisions\/5141"}],"wp:featuredmedia":[{"embeddable":true,"href":"https:\/\/costadoradaexperience.com\/en\/wp-json\/wp\/v2\/media\/3748"}],"wp:attachment":[{"href":"https:\/\/costadoradaexperience.com\/en\/wp-json\/wp\/v2\/media?parent=5140"}],"curies":[{"name":"wp","href":"https:\/\/api.w.org\/{rel}","templated":true}]}}